{"id":939,"date":"2021-05-18T13:39:38","date_gmt":"2021-05-18T09:39:38","guid":{"rendered":"https:\/\/boomdigital.org\/web-design\/"},"modified":"2022-03-21T01:48:56","modified_gmt":"2022-03-20T21:48:56","slug":"saytlarin-hazirlanmasi","status":"publish","type":"page","link":"https:\/\/boomdigital.org\/az\/saytlarin-hazirlanmasi\/","title":{"rendered":"Saytlarin Hazirlanmasi Qiym\u0259tl\u0259ri 2022 &#8211; \u018fN SON"},"content":{"rendered":"[vc_row row_type=&#8221;main-section&#8221; stukram_section_layout=&#8221;section_grid&#8221; stukram_section_layout_grid=&#8221;section_layout_grid2&#8243; stukram_content_row_opt=&#8221;no-gutters&#8221; stukram_content_position_opt=&#8221;align-items-center&#8221; stukram_df_padding_top=&#8221;layout-pt-lg&#8221; stukram_df_padding_bottom=&#8221;layout-pb-sm&#8221; wr_section_layout=&#8221;section_grid&#8221; row_padding_top=&#8221;layout-pt-xl&#8221; row_padding_bottom=&#8221;no-padding-bottom&#8221;][vc_column width=&#8221;6\/12&#8243;][wr_vc_section_image featyretype=&#8221;st2&#8243; animate=&#8221;no&#8221; image=&#8221;158&#8243; df_parallax=&#8221;0.7&#8243; ratio=&#8221;1:1&#8243;][\/vc_column][vc_column width=&#8221;1\/12&#8243;][\/vc_column][vc_column width=&#8221;4\/12&#8243;][wr_vc_section_heading featyretype=&#8221;st2&#8243; title=&#8221;Layih\u0259l\u0259rin h\u0259r birin\u0259 f\u0259rdi yana\u015faraq biznesl\u0259ri inki\u015faf etdiririk.&#8221; animate=&#8221;no&#8221; scheme=&#8221;-black&#8221; scheme2=&#8221;-black&#8221; screen=&#8221;-sm&#8221; md_container=&#8221;md:container&#8221; df_title=&#8221;ml-minus-col-2 md:ml-0&#8243; df_class=&#8221;md:mt-48 z-2&#8243;][\/wr_vc_section_heading][vc_row_inner inner_sec_effect_opt=&#8221;x-gap-32 y-gap-60 layout-pt-md&#8221;][vc_column_inner width=&#8221;5\/12&#8243;][wr_vc_section_counter title=&#8221;Tamamlanm\u0131\u015f Layih\u0259l\u0259r&#8221; title2=&#8221;21&#8243; animate_delay=&#8221;delay-1&#8243; md_container=&#8221;md:container&#8221; scheme=&#8221;-dark&#8221; screen=&#8221;-lg&#8221; screen2=&#8221;-md&#8221;][\/vc_column_inner][vc_column_inner width=&#8221;5\/12&#8243;][wr_vc_section_counter title=&#8221;Traffik&#8221; title2=&#8221;900000&#8243; animate_delay=&#8221;delay-1&#8243; md_container=&#8221;md:container&#8221; scheme=&#8221;-dark&#8221; screen=&#8221;-lg&#8221; screen2=&#8221;-md&#8221;][\/vc_column_inner][vc_column_inner width=&#8221;2\/12&#8243;][\/vc_column_inner][\/vc_row_inner][\/vc_column][vc_column width=&#8221;1\/12&#8243;][\/vc_column][\/vc_row][vc_row row_type=&#8221;main-section&#8221; stukram_section_layout=&#8221;section_grid&#8221; stukram_content_row_opt=&#8221;x-gap-48 y-gap-48&#8243; stukram_df_padding_top=&#8221;layout-pt-xl&#8221; stukram_df_padding_bottom=&#8221;layout-pb-lg&#8221; row_padding_top=&#8221;layout-pt-md&#8221; row_padding_bottom=&#8221;no-padding-bottom&#8221;][vc_column width=&#8221;1\/4&#8243;][wr_vc_section_services featyretype=&#8221;st2&#8243; icon_class=&#8221;check-circle&#8221; title=&#8221;Sat\u0131\u015flar&#8221; title2=&#8221;Ziyar\u0259t\u00e7il\u0259rinizi m\u00fc\u015ft\u0259ril\u0259riniz\u0259 \u00e7evir\u0259c\u0259k y\u00fcks\u0259k konversiyal\u0131 vebsayt yaradaca\u011f\u0131q.&#8221;][\/wr_vc_section_services][\/vc_column][vc_column width=&#8221;1\/4&#8243;][wr_vc_section_services featyretype=&#8221;st2&#8243; icon_class=&#8221;sliders&#8221; title=&#8221;S\u00fcr\u0259t&#8221; title2=&#8221;Biz super s\u00fcr\u0259tli vebsaytlar qururuq, sad\u0259c\u0259 olaraq Google Page Speed-d\u0259 portfolioda olan saytlar\u0131n s\u00fcr\u0259tini yoxlay\u0131n.&#8221;][\/wr_vc_section_services][\/vc_column][vc_column width=&#8221;1\/4&#8243;][wr_vc_section_services featyretype=&#8221;st2&#8243; icon_class=&#8221;feather&#8221; title=&#8221;Kontent&#8221; title2=&#8221;M\u00fcasir d\u00fcnyam\u0131zda kontent r\u0259q\u0259msal marketinqin \u0259n vacib hiss\u0259sidir. Sizin \u00fc\u00e7\u00fcn sat\u0131\u015flar\u0131n\u0131z\u0131 art\u0131racaq m\u00fcvafiq kontent yazaca\u011f\u0131q.&#8221;][\/wr_vc_section_services][\/vc_column][vc_column width=&#8221;1\/4&#8243;][wr_vc_section_services featyretype=&#8221;st2&#8243; icon_class=&#8221;move&#8221; title=&#8221;Dizayn&#8221; title2=&#8221;Veb sayt\u0131n\u0131z responsive v\u0259 yax\u015f\u0131 dizayn edilmi\u015f olacaq.&#8221;][\/wr_vc_section_services][\/vc_column][\/vc_row][vc_row row_type=&#8221;main-section&#8221; stukram_section_layout=&#8221;section_grid&#8221; stukram_content_row_opt=&#8221;x-gap-48 y-gap-48&#8243; stukram_df_padding_top=&#8221;layout-pt-xl&#8221; stukram_df_padding_bottom=&#8221;layout-pb-lg&#8221; row_padding_top=&#8221;layout-pt-md&#8221; row_padding_bottom=&#8221;no-padding-bottom&#8221;][vc_column][wr_vc_section_heading title=&#8221;Qiym\u0259tl\u0259rimiz&#8221; title2=&#8221;M\u0259hdud-zamanl\u0131&#8221; screen=&#8221;-md&#8221;][\/wr_vc_section_heading][\/vc_column][\/vc_row][vc_row row_type=&#8221;main-section&#8221; stukram_section_layout=&#8221;section_grid&#8221; stukram_content_row_opt=&#8221;x-gap-48 y-gap-48&#8243; stukram_df_padding_top=&#8221;layout-pt-xl&#8221; stukram_df_padding_bottom=&#8221;layout-pb-lg&#8221; row_padding_top=&#8221;layout-pt-md&#8221; row_padding_bottom=&#8221;no-padding-bottom&#8221;][vc_column][vc_row_inner][vc_column_inner width=&#8221;1\/3&#8243;][wr_vc_pricings class=&#8221;startup&#8221; animate_delay=&#8221;delay-1&#8243; title=&#8221;StartUp&#8221; title2=&#8221;399 \u20bc&#8221; title4=&#8221;Bird\u0259f\u0259lik&#8221; title3=&#8221;Ba\u015flan\u011f\u0131c qiym\u0259ti&#8221; button_name=&#8221;Biziml\u0259 \u018flaq\u0259&#8221; link_url=&#8221;#&#8221;][wr_vc_pricing title=&#8221;\u00c7oxdilli&#8221;][wr_vc_pricing title=&#8221;Basic SEO&#8221;][wr_vc_pricing title=&#8221;Sad\u0259 funksionall\u0131q&#8221;][wr_vc_pricing title=&#8221;1 year Hosting&#8221;][wr_vc_pricing title=&#8221;1 illik Domen&#8221;][wr_vc_pricing title=&#8221;SSL sertifikat\u0131&#8221;][wr_vc_pricing title=&#8221;Kontent d\u0259st\u0259yi&#8221;][\/wr_vc_pricings][\/vc_column_inner][vc_column_inner width=&#8221;1\/3&#8243;][wr_vc_pricings class=&#8221;biznes&#8221; animate_delay=&#8221;delay-1&#8243; title=&#8221;Biznes&#8221; title2=&#8221;799 \u20bc&#8221; title4=&#8221;Bird\u0259f\u0259lik&#8221; title3=&#8221;Ba\u015flan\u011f\u0131c qiym\u0259ti&#8221; button_name=&#8221;Biziml\u0259 \u018flaq\u0259&#8221; link_url=&#8221;#&#8221; scheme=&#8221;-light&#8221; scheme2=&#8221;-white&#8221; shadow=&#8221;-dark&#8221; scheme_cover=&#8221;bg-dark-1&#8243; button_style=&#8221;-outline-white text-white&#8221;][wr_vc_pricing title=&#8221;\u00c7oxdilli&#8221; scheme=&#8221;-light&#8221;][wr_vc_pricing title=&#8221;PREMIUM SEO&#8221; scheme=&#8221;-light&#8221;][wr_vc_pricing title=&#8221;\u015eablon Dizayn (1000+)&#8221; scheme=&#8221;-light&#8221;][wr_vc_pricing title=&#8221;Tam funksionall\u0131q&#8221; scheme=&#8221;-light&#8221;][wr_vc_pricing title=&#8221;1 illik Hostinq Xidm\u0259ti&#8221; scheme=&#8221;-light&#8221;][wr_vc_pricing title=&#8221;1 illik Domen&#8221; scheme=&#8221;-light&#8221;][wr_vc_pricing title=&#8221;SSL sertifikat\u0131 &amp; T\u0259hl\u00fck\u0259sizlik Sistemi&#8221; scheme=&#8221;-light&#8221;][wr_vc_pricing title=&#8221;Kontent d\u0259st\u0259yi&#8221; scheme=&#8221;-light&#8221;][\/wr_vc_pricings][\/vc_column_inner][vc_column_inner width=&#8221;1\/3&#8243;][wr_vc_pricings class=&#8221;e-kommersiya&#8221; animate_delay=&#8221;delay-1&#8243; title=&#8221;E-Kommersiya&#8221; title2=&#8221;1399 \u20bc&#8221; title4=&#8221;Bird\u0259f\u0259lik&#8221; title3=&#8221;Ba\u015flan\u011f\u0131c qiym\u0259ti&#8221; button_name=&#8221;Biziml\u0259 \u018flaq\u0259&#8221; link_url=&#8221;https:\/\/boomdigital.org\/az\/contact\/&#8221;][wr_vc_pricing title=&#8221;\u00c7oxdilli&#8221;][wr_vc_pricing title=&#8221;ULTIMATE SEO&#8221;][wr_vc_pricing title=&#8221;Kontent Marketinq&#8221;][wr_vc_pricing title=&#8221;1 illik Hostinq Xidm\u0259ti&#8221;][wr_vc_pricing title=&#8221;1 illik Domen&#8221;][wr_vc_pricing title=&#8221;SSL sertifikat\u0131 &amp; T\u0259hl\u00fck\u0259sizlik sistemi&#8221;][wr_vc_pricing title=&#8221;Marketinq Strategiyas\u0131\/ Konsaltinq&#8221;][\/wr_vc_pricings][\/vc_column_inner][\/vc_row_inner][\/vc_column][\/vc_row][vc_row row_type=&#8221;main-section&#8221; stukram_section_layout=&#8221;section_grid&#8221; stukram_section_layout_grid=&#8221;section_layout_grid3&#8243; stukram_section_row_grid=&#8221;no&#8221;][vc_column][wr_vc_section_heading title=&#8221;Portfoliomuz&#8221; title2=&#8221;G\u00f6rd\u00fcy\u00fcm\u00fcz \u0130\u015fl\u0259r&#8221; screen=&#8221;-md&#8221; df_class=&#8221;md:mt-48 z-2&#8243;][\/wr_vc_section_heading]<div class=\"sec-port-vc \"><div class=\"container vertical-port\"><div class=\"row align-items-center layout-pt-lg\"><div class=\"col-lg-7 pr-48 md:pr-16\"><div data-anim=\"img-right -cover-white-1 delay-1\" data-parallax=\"0.7\" class=\"ratio ratio-3:2\"><div data-parallax-target class=\"bg-image js-lazy\" data-bg=\"https:\/\/boomdigital.org\/wp-content\/uploads\/2022\/01\/marmaragr.jpg\"><\/div><\/div><\/div><div class=\"col-lg-5 col-md-8 pl-48 md:pl-16 md:mt-48\"><div data-anim=\"slide-up delay-1\" class=\"sectionHeading -md\"><p class=\"sectionHeading__subtitle\"><span class=\"cat-divider\">WEB-DESIGN  <\/span><\/p><h2 class=\"text-5xl md:text-4xl sm:text-3xl fw-700 mt-32 md:mt-24 sm:mt-20\">Marmara Group Website<\/h2><a class=\"button -icon fw-500 text-black mt-24 md:mt-24 sm:mt-20\" data-barba href=\"https:\/\/boomdigital.org\/az\/portfolio\/marmara-group\/\">Layih\u0259y\u0259 Bax\u0131n<i class=\"icon size-lg str-width-sm ml-8\" data-feather=\"arrow-right-circle\"><\/i><\/a><\/div><\/div><\/div><div class=\"row align-items-center layout-pt-lg\"><div class=\"col-lg-7 pr-48 md:pr-16\"><div data-anim=\"img-right -cover-white-1 delay-1\" data-parallax=\"0.7\" class=\"ratio ratio-3:2\"><div data-parallax-target class=\"bg-image js-lazy\" data-bg=\"https:\/\/boomdigital.org\/wp-content\/uploads\/2022\/01\/amf.jpg\"><\/div><\/div><\/div><div class=\"col-lg-5 col-md-8 pl-48 md:pl-16 md:mt-48\"><div data-anim=\"slide-up delay-1\" class=\"sectionHeading -md\"><p class=\"sectionHeading__subtitle\"><span class=\"cat-divider\">WEB-DESIGN  <\/span><\/p><h2 class=\"text-5xl md:text-4xl sm:text-3xl fw-700 mt-32 md:mt-24 sm:mt-20\">Amf Construction Website<\/h2><a class=\"button -icon fw-500 text-black mt-24 md:mt-24 sm:mt-20\" data-barba href=\"https:\/\/boomdigital.org\/az\/portfolio\/amf-construction-website\/\">Layih\u0259y\u0259 Bax\u0131n<i class=\"icon size-lg str-width-sm ml-8\" data-feather=\"arrow-right-circle\"><\/i><\/a><\/div><\/div><\/div><div class=\"row align-items-center layout-pt-lg\"><div class=\"col-lg-7 pr-48 md:pr-16\"><div data-anim=\"img-right -cover-white-1 delay-1\" data-parallax=\"0.7\" class=\"ratio ratio-3:2\"><div data-parallax-target class=\"bg-image js-lazy\" data-bg=\"https:\/\/boomdigital.org\/wp-content\/uploads\/2022\/01\/interstudlogo.jpg\"><\/div><\/div><\/div><div class=\"col-lg-5 col-md-8 pl-48 md:pl-16 md:mt-48\"><div data-anim=\"slide-up delay-1\" class=\"sectionHeading -md\"><p class=\"sectionHeading__subtitle\"><span class=\"cat-divider\">WEB-DESIGN  <\/span><\/p><h2 class=\"text-5xl md:text-4xl sm:text-3xl fw-700 mt-32 md:mt-24 sm:mt-20\">Interstudent Website<\/h2><a class=\"button -icon fw-500 text-black mt-24 md:mt-24 sm:mt-20\" data-barba href=\"https:\/\/boomdigital.org\/az\/portfolio\/interstudent-website\/\">Layih\u0259y\u0259 Bax\u0131n<i class=\"icon size-lg str-width-sm ml-8\" data-feather=\"arrow-right-circle\"><\/i><\/a><\/div><\/div><\/div><div class=\"row align-items-center layout-pt-lg\"><div class=\"col-lg-7 pr-48 md:pr-16\"><div data-anim=\"img-right -cover-white-1 delay-1\" data-parallax=\"0.7\" class=\"ratio ratio-3:2\"><div data-parallax-target class=\"bg-image js-lazy\" data-bg=\"https:\/\/boomdigital.org\/wp-content\/uploads\/2022\/01\/Untitled-design-1.jpg\"><\/div><\/div><\/div><div class=\"col-lg-5 col-md-8 pl-48 md:pl-16 md:mt-48\"><div data-anim=\"slide-up delay-1\" class=\"sectionHeading -md\"><p class=\"sectionHeading__subtitle\"><span class=\"cat-divider\">WEB-DESIGN  <\/span><\/p><h2 class=\"text-5xl md:text-4xl sm:text-3xl fw-700 mt-32 md:mt-24 sm:mt-20\">Oxford College Website<\/h2><a class=\"button -icon fw-500 text-black mt-24 md:mt-24 sm:mt-20\" data-barba href=\"https:\/\/boomdigital.org\/az\/portfolio\/oxford-college-website\/\">Layih\u0259y\u0259 Bax\u0131n<i class=\"icon size-lg str-width-sm ml-8\" data-feather=\"arrow-right-circle\"><\/i><\/a><\/div><\/div><\/div><div class=\"row align-items-center layout-pt-lg\"><div class=\"col-lg-7 pr-48 md:pr-16\"><div data-anim=\"img-right -cover-white-1 delay-1\" data-parallax=\"0.7\" class=\"ratio ratio-3:2\"><div data-parallax-target class=\"bg-image js-lazy\" data-bg=\"https:\/\/boomdigital.org\/wp-content\/uploads\/2022\/01\/Qebulol.jpg\"><\/div><\/div><\/div><div class=\"col-lg-5 col-md-8 pl-48 md:pl-16 md:mt-48\"><div data-anim=\"slide-up delay-1\" class=\"sectionHeading -md\"><p class=\"sectionHeading__subtitle\"><span class=\"cat-divider\">WEB-DESIGN  <\/span><\/p><h2 class=\"text-5xl md:text-4xl sm:text-3xl fw-700 mt-32 md:mt-24 sm:mt-20\">QebulOL Website<\/h2><a class=\"button -icon fw-500 text-black mt-24 md:mt-24 sm:mt-20\" data-barba href=\"https:\/\/boomdigital.org\/az\/portfolio\/qebulol-website\/\">Layih\u0259y\u0259 Bax\u0131n<i class=\"icon size-lg str-width-sm ml-8\" data-feather=\"arrow-right-circle\"><\/i><\/a><\/div><\/div><\/div><\/div><\/div>[\/vc_column][\/vc_row][vc_row row_type=&#8221;main-section&#8221; stukram_section_layout=&#8221;section_grid&#8221; stukram_content_position_opt=&#8221;justify-content-center text-center&#8221; stukram_df_padding_top=&#8221;layout-pt-lg&#8221; stukram_df_padding_bottom=&#8221;layout-pb-lg&#8221; stukram_background_img=&#8221;175&#8243; stukram_background_parallaxx=&#8221;st2&#8243; stukram_background_index=&#8221;Z-5&#8243; stukram_class_layout_z=&#8221;z-3&#8243; stukram_class_layout_zindex=&#8221;z-5&#8243;][vc_column][wr_vc_section_heading featyretype=&#8221;st3&#8243; title=&#8221;Layih\u0259niz var?&#8221; title2=&#8221;Biziml\u0259 \u0259laq\u0259&#8221; title3=&#8221;H\u0259cmind\u0259n as\u0131l\u0131 olmayaraq b\u00fct\u00fcn i\u015fl\u0259rinizi biz\u0259 h\u0259val\u0259 edin!&#8221; button_name=&#8221;Biziml\u0259 \u0259laq\u0259&#8221; link_url=&#8221;https:\/\/boomdigital.org\/az\/contact\/&#8221; scheme=&#8221;-light&#8221; scheme2=&#8221;-white&#8221; button_style=&#8221;-white text-black&#8221;][\/wr_vc_section_heading][\/vc_column][\/vc_row]\n","protected":false},"excerpt":{"rendered":"<p>[vc_row row_type=&#8221;main-section&#8221; stukram_section_layout=&#8221;section_grid&#8221; stukram_section_layout_grid=&#8221;section_layout_grid2&#8243; stukram_content_row_opt=&#8221;no-gutters&#8221; stukram_content_position_opt=&#8221;align-items-center&#8221; stukram_df_padding_top=&#8221;layout-pt-lg&#8221; stukram_df_padding_bottom=&#8221;layout-pb-sm&#8221; wr_section_layout=&#8221;section_grid&#8221; row_padding_top=&#8221;layout-pt-xl&#8221; row_padding_bottom=&#8221;no-padding-bottom&#8221;][vc_column width=&#8221;6\/12&#8243;][wr_vc_section_image featyretype=&#8221;st2&#8243; animate=&#8221;no&#8221; image=&#8221;158&#8243; df_parallax=&#8221;0.7&#8243; ratio=&#8221;1:1&#8243;][\/vc_column][vc_column width=&#8221;1\/12&#8243;][\/vc_column][vc_column width=&#8221;4\/12&#8243;][wr_vc_section_heading featyretype=&#8221;st2&#8243; title=&#8221;Layih\u0259l\u0259rin h\u0259r&#8230;<\/p>\n","protected":false},"author":1,"featured_media":0,"parent":0,"menu_order":0,"comment_status":"closed","ping_status":"closed","template":"","meta":{"footnotes":""},"class_list":["post-939","page","type-page","status-publish","hentry"],"yoast_head":"<!-- This site is optimized with the Yoast SEO Premium plugin v17.9 (Yoast SEO v17.9) - https:\/\/yoast.com\/wordpress\/plugins\/seo\/ -->\n<title>Saytlarin Hazirlanmasi Qiym\u0259tl\u0259ri 2022 - \u018fN SON (Sat\u0131\u015flar\u0131n Art\u0131r\u0131lmas\u0131)<\/title>\n<meta name=\"robots\" content=\"index, follow, max-snippet:-1, max-image-preview:large, max-video-preview:-1\" \/>\n<link rel=\"canonical\" href=\"https:\/\/boomdigital.org\/az\/saytlarin-hazirlanmasi\/\" \/>\n<meta property=\"og:locale\" content=\"az_AZ\" \/>\n<meta property=\"og:type\" content=\"article\" \/>\n<meta property=\"og:title\" content=\"Saytlarin Hazirlanmasi Qiym\u0259tl\u0259ri 2022 - \u018fN SON\" \/>\n<meta property=\"og:description\" content=\"[vc_row row_type=&#8221;main-section&#8221; stukram_section_layout=&#8221;section_grid&#8221; stukram_section_layout_grid=&#8221;section_layout_grid2&#8243; stukram_content_row_opt=&#8221;no-gutters&#8221; stukram_content_position_opt=&#8221;align-items-center&#8221; stukram_df_padding_top=&#8221;layout-pt-lg&#8221; stukram_df_padding_bottom=&#8221;layout-pb-sm&#8221; wr_section_layout=&#8221;section_grid&#8221; row_padding_top=&#8221;layout-pt-xl&#8221; row_padding_bottom=&#8221;no-padding-bottom&#8221;][vc_column width=&#8221;6\/12&#8243;][wr_vc_section_image featyretype=&#8221;st2&#8243; animate=&#8221;no&#8221; image=&#8221;158&#8243; df_parallax=&#8221;0.7&#8243; ratio=&#8221;1:1&#8243;][\/vc_column][vc_column width=&#8221;1\/12&#8243;][\/vc_column][vc_column width=&#8221;4\/12&#8243;][wr_vc_section_heading featyretype=&#8221;st2&#8243; title=&#8221;Layih\u0259l\u0259rin h\u0259r...\" \/>\n<meta property=\"og:url\" content=\"https:\/\/boomdigital.org\/az\/saytlarin-hazirlanmasi\/\" \/>\n<meta property=\"og:site_name\" content=\"BOOMDIGITAL\" \/>\n<meta property=\"article:modified_time\" content=\"2022-03-20T21:48:56+00:00\" \/>\n<meta name=\"twitter:card\" content=\"summary_large_image\" \/>\n<meta name=\"twitter:label1\" content=\"Est. reading time\" \/>\n\t<meta name=\"twitter:data1\" content=\"2 minutes\" \/>\n<script type=\"application\/ld+json\" class=\"yoast-schema-graph\">{\"@context\":\"https:\/\/schema.org\",\"@graph\":[{\"@type\":\"WebSite\",\"@id\":\"https:\/\/boomdigital.org\/#website\",\"url\":\"https:\/\/boomdigital.org\/\",\"name\":\"BOOMDIGITAL\",\"description\":\"Digital Solutions\",\"potentialAction\":[{\"@type\":\"SearchAction\",\"target\":{\"@type\":\"EntryPoint\",\"urlTemplate\":\"https:\/\/boomdigital.org\/?s={search_term_string}\"},\"query-input\":\"required name=search_term_string\"}],\"inLanguage\":\"az\"},{\"@type\":\"WebPage\",\"@id\":\"https:\/\/boomdigital.org\/az\/saytlarin-hazirlanmasi\/#webpage\",\"url\":\"https:\/\/boomdigital.org\/az\/saytlarin-hazirlanmasi\/\",\"name\":\"Saytlarin Hazirlanmasi Qiym\\u0259tl\\u0259ri 2022 - \\u018fN SON (Sat\\u0131\\u015flar\\u0131n Art\\u0131r\\u0131lmas\\u0131)\",\"isPartOf\":{\"@id\":\"https:\/\/boomdigital.org\/#website\"},\"datePublished\":\"2021-05-18T09:39:38+00:00\",\"dateModified\":\"2022-03-20T21:48:56+00:00\",\"breadcrumb\":{\"@id\":\"https:\/\/boomdigital.org\/az\/saytlarin-hazirlanmasi\/#breadcrumb\"},\"inLanguage\":\"az\",\"potentialAction\":[{\"@type\":\"ReadAction\",\"target\":[\"https:\/\/boomdigital.org\/az\/saytlarin-hazirlanmasi\/\"]}]},{\"@type\":\"BreadcrumbList\",\"@id\":\"https:\/\/boomdigital.org\/az\/saytlarin-hazirlanmasi\/#breadcrumb\",\"itemListElement\":[{\"@type\":\"ListItem\",\"position\":1,\"name\":\"Home\",\"item\":\"https:\/\/boomdigital.org\/az\/\"},{\"@type\":\"ListItem\",\"position\":2,\"name\":\"Saytlarin Hazirlanmasi Qiym\\u0259tl\\u0259ri 2022 &#8211; \\u018fN SON\"}]}]}<\/script>\n<!-- \/ Yoast SEO Premium plugin. -->","yoast_head_json":{"title":"Saytlarin Hazirlanmasi Qiym\u0259tl\u0259ri 2022 - \u018fN SON (Sat\u0131\u015flar\u0131n Art\u0131r\u0131lmas\u0131)","robots":{"index":"index","follow":"follow","max-snippet":"max-snippet:-1","max-image-preview":"max-image-preview:large","max-video-preview":"max-video-preview:-1"},"canonical":"https:\/\/boomdigital.org\/az\/saytlarin-hazirlanmasi\/","og_locale":"az_AZ","og_type":"article","og_title":"Saytlarin Hazirlanmasi Qiym\u0259tl\u0259ri 2022 - \u018fN SON","og_description":"[vc_row row_type=&#8221;main-section&#8221; stukram_section_layout=&#8221;section_grid&#8221; stukram_section_layout_grid=&#8221;section_layout_grid2&#8243; stukram_content_row_opt=&#8221;no-gutters&#8221; stukram_content_position_opt=&#8221;align-items-center&#8221; stukram_df_padding_top=&#8221;layout-pt-lg&#8221; stukram_df_padding_bottom=&#8221;layout-pb-sm&#8221; wr_section_layout=&#8221;section_grid&#8221; row_padding_top=&#8221;layout-pt-xl&#8221; row_padding_bottom=&#8221;no-padding-bottom&#8221;][vc_column width=&#8221;6\/12&#8243;][wr_vc_section_image featyretype=&#8221;st2&#8243; animate=&#8221;no&#8221; image=&#8221;158&#8243; df_parallax=&#8221;0.7&#8243; ratio=&#8221;1:1&#8243;][\/vc_column][vc_column width=&#8221;1\/12&#8243;][\/vc_column][vc_column width=&#8221;4\/12&#8243;][wr_vc_section_heading featyretype=&#8221;st2&#8243; title=&#8221;Layih\u0259l\u0259rin h\u0259r...","og_url":"https:\/\/boomdigital.org\/az\/saytlarin-hazirlanmasi\/","og_site_name":"BOOMDIGITAL","article_modified_time":"2022-03-20T21:48:56+00:00","twitter_card":"summary_large_image","twitter_misc":{"Est. reading time":"2 minutes"},"schema":{"@context":"https:\/\/schema.org","@graph":[{"@type":"WebSite","@id":"https:\/\/boomdigital.org\/#website","url":"https:\/\/boomdigital.org\/","name":"BOOMDIGITAL","description":"Digital Solutions","potentialAction":[{"@type":"SearchAction","target":{"@type":"EntryPoint","urlTemplate":"https:\/\/boomdigital.org\/?s={search_term_string}"},"query-input":"required name=search_term_string"}],"inLanguage":"az"},{"@type":"WebPage","@id":"https:\/\/boomdigital.org\/az\/saytlarin-hazirlanmasi\/#webpage","url":"https:\/\/boomdigital.org\/az\/saytlarin-hazirlanmasi\/","name":"Saytlarin Hazirlanmasi Qiym\u0259tl\u0259ri 2022 - \u018fN SON (Sat\u0131\u015flar\u0131n Art\u0131r\u0131lmas\u0131)","isPartOf":{"@id":"https:\/\/boomdigital.org\/#website"},"datePublished":"2021-05-18T09:39:38+00:00","dateModified":"2022-03-20T21:48:56+00:00","breadcrumb":{"@id":"https:\/\/boomdigital.org\/az\/saytlarin-hazirlanmasi\/#breadcrumb"},"inLanguage":"az","potentialAction":[{"@type":"ReadAction","target":["https:\/\/boomdigital.org\/az\/saytlarin-hazirlanmasi\/"]}]},{"@type":"BreadcrumbList","@id":"https:\/\/boomdigital.org\/az\/saytlarin-hazirlanmasi\/#breadcrumb","itemListElement":[{"@type":"ListItem","position":1,"name":"Home","item":"https:\/\/boomdigital.org\/az\/"},{"@type":"ListItem","position":2,"name":"Saytlarin Hazirlanmasi Qiym\u0259tl\u0259ri 2022 &#8211; \u018fN SON"}]}]}},"_links":{"self":[{"href":"https:\/\/boomdigital.org\/az\/wp-json\/wp\/v2\/pages\/939","targetHints":{"allow":["GET"]}}],"collection":[{"href":"https:\/\/boomdigital.org\/az\/wp-json\/wp\/v2\/pages"}],"about":[{"href":"https:\/\/boomdigital.org\/az\/wp-json\/wp\/v2\/types\/page"}],"author":[{"embeddable":true,"href":"https:\/\/boomdigital.org\/az\/wp-json\/wp\/v2\/users\/1"}],"replies":[{"embeddable":true,"href":"https:\/\/boomdigital.org\/az\/wp-json\/wp\/v2\/comments?post=939"}],"version-history":[{"count":18,"href":"https:\/\/boomdigital.org\/az\/wp-json\/wp\/v2\/pages\/939\/revisions"}],"predecessor-version":[{"id":1935,"href":"https:\/\/boomdigital.org\/az\/wp-json\/wp\/v2\/pages\/939\/revisions\/1935"}],"wp:attachment":[{"href":"https:\/\/boomdigital.org\/az\/wp-json\/wp\/v2\/media?parent=939"}],"curies":[{"name":"wp","href":"https:\/\/api.w.org\/{rel}","templated":true}]}}