{"id":931,"date":"2021-05-21T19:05:08","date_gmt":"2021-05-21T19:05:08","guid":{"rendered":"https:\/\/boomdigital.org\/contact\/"},"modified":"2022-06-03T00:20:19","modified_gmt":"2022-06-02T20:20:19","slug":"contact","status":"publish","type":"page","link":"https:\/\/boomdigital.org\/az\/contact\/","title":{"rendered":"Contact"},"content":{"rendered":"[vc_row row_type=&#8221;main-section&#8221; stukram_section_layout=&#8221;section_grid&#8221; stukram_df_padding_top=&#8221;layout-pt-xl&#8221; stukram_anim_wrap=&#8221;data-anim-wrap&#8221;][vc_column width=&#8221;1\/12&#8243;][\/vc_column][vc_column width=&#8221;8\/12&#8243;][wr_vc_section_title featyretype=&#8221;st5&#8243; animate_delay=&#8221;delay-1&#8243; title=&#8221;M\u00fczakir\u0259 etm\u0259y\u0259 layih\u0259niz var? Biziml\u0259 \u0259laq\u0259 saxlay\u0131n.&#8221; screen=&#8221;-lg&#8221; title3=&#8221;Biziml\u0259 \u018fm\u0259kda\u015fl\u0131q Edin&#8221;][\/wr_vc_section_title][\/vc_column][vc_column width=&#8221;3\/12&#8243;][\/vc_column][\/vc_row][vc_row row_type=&#8221;main-section&#8221; stukram_section_layout=&#8221;section_grid&#8221; stukram_content_position_opt=&#8221;justify-content-center&#8221; stukram_anim_wrap_delay=&#8221;st2&#8243; stukram_anim_delay=&#8221;delay-2&#8243; stukram_df_padding_top=&#8221;layout-pt-md&#8221; stukram_padding_bottom=&#8221;1rem&#8221; stukram_anim_wrap2=&#8221;data-anim-wrap&#8221;][vc_column width=&#8221;1\/12&#8243;][\/vc_column][vc_column width=&#8221;10\/12&#8243;][vc_row_inner inner_sec_effect_opt=&#8221;x-gap-48 y-gap-48&#8243;][vc_column_inner width=&#8221;3\/12&#8243;][wr_vc_section_contact scheme=&#8221;-black&#8221; screen=&#8221;-xl&#8221; title=&#8221;\u00dcnvan&#8221; title2=&#8221;Az\u0259rbaycan, Bak\u0131, Caspian Plaza, C\u0259f\u0259r Cabbarl\u0131 44&#8243;][\/vc_column_inner][vc_column_inner width=&#8221;1\/12&#8243;][\/vc_column_inner][vc_column_inner width=&#8221;1\/12&#8243;][\/vc_column_inner][vc_column_inner width=&#8221;3\/12&#8243;][wr_vc_section_contact scheme=&#8221;-dark&#8221; screen=&#8221;-lg&#8221; title=&#8221;Biziml\u0259 \u018flaq\u0259&#8221; title3=&#8221;hello@boomdigital.org&#8221; title5=&#8221;+994 70 808 90 00&#8243;][\/vc_column_inner][vc_column_inner width=&#8221;1\/12&#8243;][\/vc_column_inner][vc_column_inner width=&#8221;3\/12&#8243;][wr_vc_socials title=&#8221;WhatsApp&#8221; screen=&#8221;-xl&#8221; df_pad=&#8221;&#8221;][wr_vc_social scheme=&#8221;text-black border-dark&#8221; icon_class=&#8221;fab fa-whatsapp&#8221; link_url=&#8221;https:\/\/wa.me\/+994708089000&#8243;][\/wr_vc_socials][\/vc_column_inner][\/vc_row_inner][\/vc_column][vc_column width=&#8221;1\/12&#8243;][\/vc_column][\/vc_row][vc_row row_type=&#8221;main-section&#8221; stukram_section_layout=&#8221;section_grid&#8221; stukram_content_position_opt=&#8221;justify-content-center&#8221; stukram_anim_wrap_delay=&#8221;st2&#8243; stukram_anim_delay=&#8221;delay-3&#8243; stukram_df_padding_top=&#8221;layout-pt-md&#8221; stukram_df_padding_bottom=&#8221;layout-pb-lg&#8221; stukram_anim_wrap2=&#8221;data-anim-wrap&#8221;][vc_column width=&#8221;1\/12&#8243;][\/vc_column][vc_column width=&#8221;10\/12&#8243;][vc_row_inner][vc_column_inner][wr_vc_section_heading title=&#8221;Biz\u0259 yaz\u0131n&#8221; title3=&#8221;A\u015fa\u011f\u0131dak\u0131 formadan istifad\u0259 edin v\u0259 ya biz\u0259 e-po\u00e7t g\u00f6nd\u0259rin&#8221; scheme=&#8221;-black&#8221; scheme2=&#8221;-black&#8221; screen=&#8221;-sm&#8221; df_con_mrg=&#8221;leading-md mt-12&#8243;][\/wr_vc_section_heading][\/vc_column_inner][\/vc_row_inner][vc_row_inner][vc_column_inner][wr_vc_section_cform contactfromid=&#8221;1936&#8243; df_row=&#8221;row&#8221; df_mrg=&#8221;mt-48 sm:mt-32&#8243; scheme=&#8221;-dark&#8221;][\/vc_column_inner][\/vc_row_inner][\/vc_column][vc_column width=&#8221;1\/12&#8243;][\/vc_column][\/vc_row]\n","protected":false},"excerpt":{"rendered":"<p>[vc_row row_type=&#8221;main-section&#8221; stukram_section_layout=&#8221;section_grid&#8221; stukram_df_padding_top=&#8221;layout-pt-xl&#8221; stukram_anim_wrap=&#8221;data-anim-wrap&#8221;][vc_column width=&#8221;1\/12&#8243;][\/vc_column][vc_column width=&#8221;8\/12&#8243;][wr_vc_section_title featyretype=&#8221;st5&#8243; animate_delay=&#8221;delay-1&#8243; title=&#8221;M\u00fczakir\u0259 etm\u0259y\u0259 layih\u0259niz var? Biziml\u0259 \u0259laq\u0259 saxlay\u0131n.&#8221; screen=&#8221;-lg&#8221; title3=&#8221;Biziml\u0259 \u018fm\u0259kda\u015fl\u0131q Edin&#8221;][\/wr_vc_section_title][\/vc_column][vc_column width=&#8221;3\/12&#8243;][\/vc_column][\/vc_row][vc_row row_type=&#8221;main-section&#8221;&#8230;<\/p>\n","protected":false},"author":1,"featured_media":0,"parent":0,"menu_order":0,"comment_status":"closed","ping_status":"closed","template":"","meta":{"footnotes":""},"class_list":["post-931","page","type-page","status-publish","hentry"],"yoast_head":"<!-- This site is optimized with the Yoast SEO Premium plugin v17.9 (Yoast SEO v17.9) - https:\/\/yoast.com\/wordpress\/plugins\/seo\/ -->\n<title>Contact - BOOMDIGITAL<\/title>\n<meta name=\"robots\" content=\"index, follow, max-snippet:-1, max-image-preview:large, max-video-preview:-1\" \/>\n<link rel=\"canonical\" href=\"https:\/\/boomdigital.org\/az\/contact\/\" \/>\n<meta property=\"og:locale\" content=\"az_AZ\" \/>\n<meta property=\"og:type\" content=\"article\" \/>\n<meta property=\"og:title\" content=\"Contact\" \/>\n<meta property=\"og:description\" content=\"[vc_row row_type=&#8221;main-section&#8221; stukram_section_layout=&#8221;section_grid&#8221; stukram_df_padding_top=&#8221;layout-pt-xl&#8221; stukram_anim_wrap=&#8221;data-anim-wrap&#8221;][vc_column width=&#8221;1\/12&#8243;][\/vc_column][vc_column width=&#8221;8\/12&#8243;][wr_vc_section_title featyretype=&#8221;st5&#8243; animate_delay=&#8221;delay-1&#8243; title=&#8221;M\u00fczakir\u0259 etm\u0259y\u0259 layih\u0259niz var? Biziml\u0259 \u0259laq\u0259 saxlay\u0131n.&#8221; screen=&#8221;-lg&#8221; title3=&#8221;Biziml\u0259 \u018fm\u0259kda\u015fl\u0131q Edin&#8221;][\/wr_vc_section_title][\/vc_column][vc_column width=&#8221;3\/12&#8243;][\/vc_column][\/vc_row][vc_row row_type=&#8221;main-section&#8221;...\" \/>\n<meta property=\"og:url\" content=\"https:\/\/boomdigital.org\/az\/contact\/\" \/>\n<meta property=\"og:site_name\" content=\"BOOMDIGITAL\" \/>\n<meta property=\"article:modified_time\" content=\"2022-06-02T20:20:19+00:00\" \/>\n<meta name=\"twitter:card\" content=\"summary_large_image\" \/>\n<meta name=\"twitter:label1\" content=\"Est. reading time\" \/>\n\t<meta name=\"twitter:data1\" content=\"1 minute\" \/>\n<script type=\"application\/ld+json\" class=\"yoast-schema-graph\">{\"@context\":\"https:\/\/schema.org\",\"@graph\":[{\"@type\":\"WebSite\",\"@id\":\"https:\/\/boomdigital.org\/#website\",\"url\":\"https:\/\/boomdigital.org\/\",\"name\":\"BOOMDIGITAL\",\"description\":\"Digital Solutions\",\"potentialAction\":[{\"@type\":\"SearchAction\",\"target\":{\"@type\":\"EntryPoint\",\"urlTemplate\":\"https:\/\/boomdigital.org\/?s={search_term_string}\"},\"query-input\":\"required name=search_term_string\"}],\"inLanguage\":\"az\"},{\"@type\":\"WebPage\",\"@id\":\"https:\/\/boomdigital.org\/az\/contact\/#webpage\",\"url\":\"https:\/\/boomdigital.org\/az\/contact\/\",\"name\":\"Contact - BOOMDIGITAL\",\"isPartOf\":{\"@id\":\"https:\/\/boomdigital.org\/#website\"},\"datePublished\":\"2021-05-21T19:05:08+00:00\",\"dateModified\":\"2022-06-02T20:20:19+00:00\",\"breadcrumb\":{\"@id\":\"https:\/\/boomdigital.org\/az\/contact\/#breadcrumb\"},\"inLanguage\":\"az\",\"potentialAction\":[{\"@type\":\"ReadAction\",\"target\":[\"https:\/\/boomdigital.org\/az\/contact\/\"]}]},{\"@type\":\"BreadcrumbList\",\"@id\":\"https:\/\/boomdigital.org\/az\/contact\/#breadcrumb\",\"itemListElement\":[{\"@type\":\"ListItem\",\"position\":1,\"name\":\"Home\",\"item\":\"https:\/\/boomdigital.org\/az\/\"},{\"@type\":\"ListItem\",\"position\":2,\"name\":\"Contact\"}]}]}<\/script>\n<!-- \/ Yoast SEO Premium plugin. -->","yoast_head_json":{"title":"Contact - BOOMDIGITAL","robots":{"index":"index","follow":"follow","max-snippet":"max-snippet:-1","max-image-preview":"max-image-preview:large","max-video-preview":"max-video-preview:-1"},"canonical":"https:\/\/boomdigital.org\/az\/contact\/","og_locale":"az_AZ","og_type":"article","og_title":"Contact","og_description":"[vc_row row_type=&#8221;main-section&#8221; stukram_section_layout=&#8221;section_grid&#8221; stukram_df_padding_top=&#8221;layout-pt-xl&#8221; stukram_anim_wrap=&#8221;data-anim-wrap&#8221;][vc_column width=&#8221;1\/12&#8243;][\/vc_column][vc_column width=&#8221;8\/12&#8243;][wr_vc_section_title featyretype=&#8221;st5&#8243; animate_delay=&#8221;delay-1&#8243; title=&#8221;M\u00fczakir\u0259 etm\u0259y\u0259 layih\u0259niz var? Biziml\u0259 \u0259laq\u0259 saxlay\u0131n.&#8221; screen=&#8221;-lg&#8221; title3=&#8221;Biziml\u0259 \u018fm\u0259kda\u015fl\u0131q Edin&#8221;][\/wr_vc_section_title][\/vc_column][vc_column width=&#8221;3\/12&#8243;][\/vc_column][\/vc_row][vc_row row_type=&#8221;main-section&#8221;...","og_url":"https:\/\/boomdigital.org\/az\/contact\/","og_site_name":"BOOMDIGITAL","article_modified_time":"2022-06-02T20:20:19+00:00","twitter_card":"summary_large_image","twitter_misc":{"Est. reading time":"1 minute"},"schema":{"@context":"https:\/\/schema.org","@graph":[{"@type":"WebSite","@id":"https:\/\/boomdigital.org\/#website","url":"https:\/\/boomdigital.org\/","name":"BOOMDIGITAL","description":"Digital Solutions","potentialAction":[{"@type":"SearchAction","target":{"@type":"EntryPoint","urlTemplate":"https:\/\/boomdigital.org\/?s={search_term_string}"},"query-input":"required name=search_term_string"}],"inLanguage":"az"},{"@type":"WebPage","@id":"https:\/\/boomdigital.org\/az\/contact\/#webpage","url":"https:\/\/boomdigital.org\/az\/contact\/","name":"Contact - BOOMDIGITAL","isPartOf":{"@id":"https:\/\/boomdigital.org\/#website"},"datePublished":"2021-05-21T19:05:08+00:00","dateModified":"2022-06-02T20:20:19+00:00","breadcrumb":{"@id":"https:\/\/boomdigital.org\/az\/contact\/#breadcrumb"},"inLanguage":"az","potentialAction":[{"@type":"ReadAction","target":["https:\/\/boomdigital.org\/az\/contact\/"]}]},{"@type":"BreadcrumbList","@id":"https:\/\/boomdigital.org\/az\/contact\/#breadcrumb","itemListElement":[{"@type":"ListItem","position":1,"name":"Home","item":"https:\/\/boomdigital.org\/az\/"},{"@type":"ListItem","position":2,"name":"Contact"}]}]}},"_links":{"self":[{"href":"https:\/\/boomdigital.org\/az\/wp-json\/wp\/v2\/pages\/931","targetHints":{"allow":["GET"]}}],"collection":[{"href":"https:\/\/boomdigital.org\/az\/wp-json\/wp\/v2\/pages"}],"about":[{"href":"https:\/\/boomdigital.org\/az\/wp-json\/wp\/v2\/types\/page"}],"author":[{"embeddable":true,"href":"https:\/\/boomdigital.org\/az\/wp-json\/wp\/v2\/users\/1"}],"replies":[{"embeddable":true,"href":"https:\/\/boomdigital.org\/az\/wp-json\/wp\/v2\/comments?post=931"}],"version-history":[{"count":6,"href":"https:\/\/boomdigital.org\/az\/wp-json\/wp\/v2\/pages\/931\/revisions"}],"predecessor-version":[{"id":2269,"href":"https:\/\/boomdigital.org\/az\/wp-json\/wp\/v2\/pages\/931\/revisions\/2269"}],"wp:attachment":[{"href":"https:\/\/boomdigital.org\/az\/wp-json\/wp\/v2\/media?parent=931"}],"curies":[{"name":"wp","href":"https:\/\/api.w.org\/{rel}","templated":true}]}}