{"id":885,"date":"2021-05-17T09:53:17","date_gmt":"2021-05-17T09:53:17","guid":{"rendered":"https:\/\/boomdigital.org\/home-2\/"},"modified":"2022-05-17T15:35:09","modified_gmt":"2022-05-17T11:35:09","slug":"home-2","status":"publish","type":"page","link":"https:\/\/boomdigital.org\/az\/","title":{"rendered":"Seo xidmeti v\u0259 Saytlar\u0131n haz\u0131rlanmas\u0131"},"content":{"rendered":"[vc_row row_type=&#8221;main-section&#8221; stukram_section_layout=&#8221;section_grid&#8221; stukram_df_padding_top=&#8221;layout-pt-xl&#8221; wr_section_layout=&#8221;section_grid&#8221; row_padding_top=&#8221;layout-pt-xl&#8221; row_padding_bottom=&#8221;no-padding-bottom&#8221;][vc_column width=&#8221;5\/12&#8243;][wr_vc_section_heading featyretype=&#8221;st3&#8243; title=&#8221;2022-ci ild\u0259 onlayn \u015f\u0259kild\u0259 yeni m\u00fc\u015ft\u0259ril\u0259r qazan\u0131n.&#8221; title2=&#8221;boomdigital&#8221; screen=&#8221;-lg&#8221;][\/wr_vc_section_heading][\/vc_column][vc_column width=&#8221;7\/12&#8243;][\/vc_column][\/vc_row][vc_row row_type=&#8221;main-section&#8221; stukram_section_layout=&#8221;section_grid&#8221; stukram_content_row_opt=&#8221;x-gap-60 y-gap-48 layout-pt-md&#8221; stukram_df_padding_bottom=&#8221;layout-pb-xl&#8221; wr_section_layout=&#8221;section_grid&#8221; content_row_opt=&#8221;x-gap-60 y-gap-48 layout-pt-md&#8221; row_padding_top=&#8221;no-padding-top&#8221; row_padding_bottom=&#8221;layout-pb-xl&#8221;][vc_column width=&#8221;1\/3&#8243;][wr_vc_section_title title=&#8221;Bax\u0131\u015f T\u0259rzimiz&#8221; title2=&#8221;Ham\u0131 \u00fc\u00e7\u00fcn u\u011furlu, \u0259h\u0259miyy\u0259tli v\u0259 i\u015fg\u00fczar \u0259laq\u0259l\u0259rl\u0259 z\u0259ngin i\u015f d\u00fcnyas\u0131 yaratmaqd\u0131r.&#8221;][\/wr_vc_section_title][\/vc_column][vc_column width=&#8221;1\/3&#8243;][wr_vc_section_title title=&#8221;Missiyam\u0131z&#8221; title2=&#8221;M\u00fc\u015ft\u0259ri m\u0259muniyy\u0259tini t\u0259min etm\u0259k v\u0259 xidm\u0259tl\u0259rimiz vasit\u0259sil\u0259 WOW faktorunu \u00e7atd\u0131rmaqd\u0131r.&#8221;][\/wr_vc_section_title][\/vc_column][vc_column width=&#8221;1\/3&#8243;][wr_vc_section_title title=&#8221;M\u0259qs\u0259dimiz&#8221; title2=&#8221;M\u0259qs\u0259dimiz, m\u00fc\u015ft\u0259ril\u0259r, \u0259m\u0259kda\u015flar v\u0259 sat\u0131c\u0131lar qar\u015f\u0131s\u0131nda \u00f6l\u00e7\u00fcl\u0259bil\u0259n n\u0259tic\u0259l\u0259r \u0259rs\u0259y\u0259 g\u0259tirm\u0259kdir.&#8221;][\/wr_vc_section_title][\/vc_column][\/vc_row][vc_row row_type=&#8221;main-section&#8221; stukram_anim_wrap=&#8221;data-anim-wrap&#8221;][vc_column]<div class=\"sec-port-vc \"><div class=\"container vertical-port\"><\/div><\/div>[\/vc_column][\/vc_row][vc_row row_type=&#8221;main-section&#8221; stukram_section_layout=&#8221;section_grid&#8221; stukram_content_position_opt=&#8221;justify-content-between&#8221; stukram_df_padding_top=&#8221;layout-pt-lg&#8221; stukram_df_padding_bottom=&#8221;layout-pb-md&#8221; row_padding_top=&#8221;layout-pt-md&#8221; row_padding_bottom=&#8221;no-padding-bottom&#8221;][vc_column width=&#8221;4\/12&#8243;][wr_vc_section_heading title=&#8221;C\u0259lb edici v\u0259 \u00c7evik&#8221; title2=&#8221;Xidm\u0259tl\u0259r&#8221; title3=&#8221;Biz \u0259n yax\u015f\u0131 marketinq texnologiyas\u0131n\u0131 v\u0259 texnologiyan\u0131n t\u0259min etdiyi m\u0259lumat anlay\u0131\u015flar\u0131n\u0131 b\u00f6y\u00fck auditoriya k\u00fctl\u0259si il\u0259 birl\u0259\u015fdiririk. M\u00fc\u015ft\u0259ril\u0259rimizin \u00f6z i\u015fini b\u00f6y\u00fctm\u0259l\u0259rin\u0259 v\u0259 biznesl\u0259rini n\u00f6vb\u0259ti s\u0259viyy\u0259y\u0259 qald\u0131rmalar\u0131na d\u0259st\u0259k ola bil\u0259rik.&#8221; screen=&#8221;-md&#8221;][\/wr_vc_section_heading][\/vc_column][vc_column width=&#8221;7\/12&#8243;][vc_row_inner inner_sec_effect_opt=&#8221;x-gap-72 y-gap-72 md:mt-48&#8243;][vc_column_inner width=&#8221;1\/2&#8243;][wr_vc_section_services icon_class=&#8221;edit&#8221; title=&#8221;Veb Dizayn&#8221; title2=&#8221;Biz ambisiyal\u0131 \u015firk\u0259tl\u0259r\u0259 \u00f6z veb saytlar\u0131ndan daha \u00e7ox g\u0259lir \u0259ld\u0259 etm\u0259sin\u0259 d\u0259st\u0259k oluruq.&#8221; button_name=&#8221;Daha \u00e7ox oxuyun&#8221; link_url=&#8221;https:\/\/boomdigital.org\/az\/web-design\/&#8221;][\/wr_vc_section_services][\/vc_column_inner][vc_column_inner width=&#8221;1\/2&#8243;][wr_vc_section_services icon_class=&#8221;search&#8221; title=&#8221;SEO&#8221; title2=&#8221;Axtar\u0131\u015f\u0131n ilk s\u0131ralar\u0131nda olun. G\u00fccl\u00fc \u018flaq\u0259l\u0259rin qurulmas\u0131, Daxili optimalla\u015fd\u0131rma v\u0259 kontentin yarad\u0131lmas\u0131.&#8221; button_name=&#8221;Daha \u00e7ox oxuyun&#8221; link_url=&#8221;https:\/\/boomdigital.org\/az\/seo\/&#8221;][\/wr_vc_section_services][\/vc_column_inner][\/vc_row_inner][vc_row_inner inner_sec_effect_opt=&#8221;x-gap-72 y-gap-72 md:mt-48&#8243;][vc_column_inner width=&#8221;1\/2&#8243;][wr_vc_section_services icon_class=&#8221;feather&#8221; title=&#8221;Mobil t\u0259tbiql\u0259r&#8221; title2=&#8221;Biz \u015firk\u0259tl\u0259r \u00fc\u00e7\u00fcn u\u011furlu mobil t\u0259tbiql\u0259r yarad\u0131r\u0131q.&#8221;][\/wr_vc_section_services][\/vc_column_inner][vc_column_inner width=&#8221;1\/2&#8243;][wr_vc_section_services icon_class=&#8221;move&#8221; title=&#8221;R\u0259q\u0259msal Marketinq&#8221; title2=&#8221;Klikba\u015f\u0131na \u00f6d\u0259m\u0259 (PPC), Kontent Marketinq, E-po\u00e7t Marketinqi, SMM&#8221;][\/wr_vc_section_services][\/vc_column_inner][\/vc_row_inner][\/vc_column][\/vc_row][vc_row row_type=&#8221;main-section&#8221; stukram_section_layout=&#8221;section_grid&#8221; stukram_content_position_opt=&#8221;align-items-center&#8221; stukram_df_padding_top=&#8221;layout-pt-lg&#8221; stukram_df_padding_bottom=&#8221;layout-pb-lg&#8221; stukram_color_scheme=&#8221;bg-dark-1&#8243; stukram_anim_wrap=&#8221;data-anim-wrap&#8221;][vc_column width=&#8221;6\/12&#8243;][wr_vc_section_image featyretype=&#8221;st2&#8243; animate=&#8221;yes&#8221; image=&#8221;785&#8243; df_parallax=&#8221;0.7&#8243; animate_delay=&#8221;delay-2&#8243; cover_scheme=&#8221;cover-dark-2&#8243; ratio=&#8221;3:4&#8243;][\/vc_column][vc_column width=&#8221;1\/12&#8243;][\/vc_column][vc_column width=&#8221;5\/12&#8243;][wr_vc_section_heading featyretype=&#8221;st2&#8243; title=&#8221;F\u0259aliyy\u0259t sah\u0259miz&#8221; animate_delay_title=&#8221;delay-10&#8243; animate_delay_title2=&#8221;delay-9&#8243; title3=&#8221;M\u00fc\u015ft\u0259ril\u0259rimiz\u0259 daha \u00e7ox al\u0131\u015f-veri\u015f, daha \u00e7ox z\u0259ng v\u0259 daha \u00e7ox sat\u0131\u015f g\u0259tirm\u0259kl\u0259, onlayn biznesl\u0259rin v\u0259 vebsaytlar\u0131n inki\u015faf\u0131 sah\u0259sind\u0259 ixtisasla\u015fm\u0131\u015f\u0131q.&#8221; animate_delay_title3=&#8221;delay-11&#8243; scheme=&#8221;-light&#8221; scheme2=&#8221;-white&#8221; button_style=&#8221;-outline-white text-white&#8221; animate_delay_button=&#8221;delay-12&#8243; screen=&#8221;-md&#8221; df_pading=&#8221;pt-16&#8243; title_mt=&#8221;mt-40 md:mt-24&#8243; title3_mt=&#8221;mt-48 md:mt-32&#8243; button_mt=&#8221;mt-48 md:mt-32&#8243;][\/wr_vc_section_heading][\/vc_column][\/vc_row][vc_row row_type=&#8221;main-section&#8221; stukram_section_layout=&#8221;section_grid&#8221; stukram_content_position_opt=&#8221;align-items-end justify-content-between&#8221; stukram_df_padding_top=&#8221;layout-pt-lg&#8221;][vc_column width=&#8221;2\/3&#8243;][wr_vc_section_heading title=&#8221;Qar\u015f\u0131l\u0131ql\u0131 inam \u0259sas\u0131nda qurulmu\u015f m\u00fcnasib\u0259tl\u0259r&#8221; title2=&#8221;Portfelimiz&#8221; screen=&#8221;-md&#8221;][\/wr_vc_section_heading][\/vc_column][vc_column width=&#8221;1\/3&#8243;][wr_vc_section_button button_name=&#8221;Ham\u0131s\u0131na bax\u0131n&#8221; link_url=&#8221;https:\/\/boomdigital.org\/az\/our-portfolio\/&#8221; button_style=&#8221;-outline-black text-black&#8221; size=&#8221;-md&#8221; df_margin=&#8221;sm:mt-24&#8243; float=&#8221;right&#8221;][\/vc_column][\/vc_row][vc_row row_type=&#8221;main-section&#8221; stukram_section_layout=&#8221;section_grid&#8221; stukram_df_padding_top=&#8221;layout-pt-sm&#8221; stukram_df_padding_bottom=&#8221;layout-pb-lg&#8221;][vc_column]<div class=\"sec-port-vc \"><div class=\"container vertical-port\"><div class=\"row align-items-center layout-pt-lg\"><div class=\"col-lg-7 pr-48 md:pr-16\"><div data-anim=\"img-right -cover-white-1 delay-1\" data-parallax=\"0.7\" class=\"ratio ratio-3:2\"><div data-parallax-target class=\"bg-image js-lazy\" data-bg=\"https:\/\/boomdigital.org\/wp-content\/uploads\/2022\/06\/logo-son-yanaki-png-1.jpg\"><\/div><\/div><\/div><div class=\"col-lg-5 col-md-8 pl-48 md:pl-16 md:mt-48\"><div data-anim=\"slide-up delay-1\" class=\"sectionHeading -md\"><p class=\"sectionHeading__subtitle\"><span class=\"cat-divider\">WEB-DESIGN  <\/span><\/p><h2 class=\"text-5xl md:text-4xl sm:text-3xl fw-700 mt-32 md:mt-24 sm:mt-20\">Servis Home Website<\/h2><a class=\"button -icon fw-500 text-black mt-24 md:mt-24 sm:mt-20\" data-barba href=\"https:\/\/boomdigital.org\/az\/portfolio\/servis-home-website\/\">Layih\u0259y\u0259 Bax\u0131n<i class=\"icon size-lg str-width-sm ml-8\" data-feather=\"arrow-right-circle\"><\/i><\/a><\/div><\/div><\/div><div class=\"row align-items-center layout-pt-lg\"><div class=\"col-lg-7 pr-48 md:pr-16\"><div data-anim=\"img-right -cover-white-1 delay-1\" data-parallax=\"0.7\" class=\"ratio ratio-3:2\"><div data-parallax-target class=\"bg-image js-lazy\" data-bg=\"https:\/\/boomdigital.org\/wp-content\/uploads\/2022\/06\/logo.jpg\"><\/div><\/div><\/div><div class=\"col-lg-5 col-md-8 pl-48 md:pl-16 md:mt-48\"><div data-anim=\"slide-up delay-1\" class=\"sectionHeading -md\"><p class=\"sectionHeading__subtitle\"><span class=\"cat-divider\">WEB-DESIGN  <\/span><\/p><h2 class=\"text-5xl md:text-4xl sm:text-3xl fw-700 mt-32 md:mt-24 sm:mt-20\">Vintage Store Website<\/h2><a class=\"button -icon fw-500 text-black mt-24 md:mt-24 sm:mt-20\" data-barba href=\"https:\/\/boomdigital.org\/az\/portfolio\/vintage-store-website\/\">Layih\u0259y\u0259 Bax\u0131n<i class=\"icon size-lg str-width-sm ml-8\" data-feather=\"arrow-right-circle\"><\/i><\/a><\/div><\/div><\/div><div class=\"row align-items-center layout-pt-lg\"><div class=\"col-lg-7 pr-48 md:pr-16\"><div data-anim=\"img-right -cover-white-1 delay-1\" data-parallax=\"0.7\" class=\"ratio ratio-3:2\"><div data-parallax-target class=\"bg-image js-lazy\" data-bg=\"https:\/\/boomdigital.org\/wp-content\/uploads\/2022\/01\/Qebulol.jpg\"><\/div><\/div><\/div><div class=\"col-lg-5 col-md-8 pl-48 md:pl-16 md:mt-48\"><div data-anim=\"slide-up delay-1\" class=\"sectionHeading -md\"><p class=\"sectionHeading__subtitle\"><span class=\"cat-divider\">SEO  <\/span><\/p><h2 class=\"text-5xl md:text-4xl sm:text-3xl fw-700 mt-32 md:mt-24 sm:mt-20\">QebulOL SEO<\/h2><a class=\"button -icon fw-500 text-black mt-24 md:mt-24 sm:mt-20\" data-barba href=\"https:\/\/boomdigital.org\/az\/portfolio\/qebulol-seo\/\">Layih\u0259y\u0259 Bax\u0131n<i class=\"icon size-lg str-width-sm ml-8\" data-feather=\"arrow-right-circle\"><\/i><\/a><\/div><\/div><\/div><\/div><\/div>[\/vc_column][\/vc_row][vc_row row_type=&#8221;main-section&#8221; stukram_section_layout=&#8221;section_grid&#8221; stukram_content_position_opt=&#8221;align-items-end justify-content-between&#8221; stukram_df_padding_top=&#8221;layout-pt-lg&#8221;][vc_column width=&#8221;2\/3&#8243;][wr_vc_section_heading title=&#8221;Son x\u0259b\u0259rl\u0259r&#8221; title2=&#8221;bloqumuz&#8221; screen=&#8221;-md&#8221;][\/wr_vc_section_heading][\/vc_column][vc_column width=&#8221;1\/3&#8243;][wr_vc_section_button button_name=&#8221;ham\u0131s\u0131na bax&#8221; link_url=&#8221;https:\/\/boomdigital.org\/az\/blog&#8221; button_style=&#8221;-outline-black text-black&#8221; size=&#8221;-md&#8221; df_margin=&#8221;sm:mt-24&#8243; float=&#8221;right&#8221;][\/vc_column][\/vc_row][vc_row row_type=&#8221;main-section&#8221; stukram_section_layout=&#8221;section_grid&#8221; stukram_df_padding_top=&#8221;layout-pt-sm&#8221; stukram_df_padding_bottom=&#8221;layout-pb-lg&#8221;][vc_column]<div class=\"sec-blog row x-gap-48 y-gap-40 \"><div class=\"col-lg-4 col-md-6\"><div data-anim-wrap class=\"blogCard -type-1 -hover\"><a class=\"blogCard__img\" data-barba href=\"https:\/\/boomdigital.org\/az\/veb-sayt-trafikini-artirmaq-2022\/\"><div data-anim-child=\"img-right -cover-dark-1 delay-1\" class=\"portfolioCard__img__inner\"><div class=\"ratio ratio-4:3 bg-image js-lazy\" data-bg=\"https:\/\/boomdigital.org\/wp-content\/uploads\/2022\/04\/bigstock-Web-Traffic-business-Technol-166581227.4b2ff768-scaled-e1650802030227.jpg\"><\/div><\/div><\/a><div class=\"blogCard__content mt-24\"><div data-anim-child=\"slide-up delay-6\" class=\"blogCard__info text-dark leading-md text-sm\"><span class=\"fw-400 mr-4\"><a href=\"https:\/\/boomdigital.org\/az\/category\/seo-az\/\">SEO<\/a><\/span> -<p class=\"d-inline-block ml-4\">Aprel 24, 2022<\/p><\/div><div data-anim-child=\"slide-up delay-7\"><h4 class=\"blogCard__title text-2xl leading-lg fw-500 mt-12\"><a data-barba href=\"https:\/\/boomdigital.org\/az\/veb-sayt-trafikini-artirmaq-2022\/\">7 Add\u0131mda Veb Sayt Trafikinizi Art\u0131r\u0131n | Veb Sayt Klikl\u0259rinin Art\u0131r\u0131lmas\u0131<\/a><\/h4><\/div><div data-anim-child=\"slide-up delay-8\" class=\"mt-12\"><a data-barba href=\"https:\/\/boomdigital.org\/az\/veb-sayt-trafikini-artirmaq-2022\/\" class=\"button -icon text-black\">Daha \u00e7ox oxuyun<i class=\"icon size-xs str-width-md\" data-feather=\"arrow-right\"><\/i><\/a><\/div><\/div><\/div><\/div><div class=\"col-lg-4 col-md-6\"><div data-anim-wrap class=\"blogCard -type-1 -hover\"><a class=\"blogCard__img\" data-barba href=\"https:\/\/boomdigital.org\/az\/facebook-cpas-nedir\/\"><div data-anim-child=\"img-right -cover-dark-1 delay-1\" class=\"portfolioCard__img__inner\"><div class=\"ratio ratio-4:3 bg-image js-lazy\" data-bg=\"https:\/\/boomdigital.org\/wp-content\/uploads\/2022\/04\/Facebook-CPAS-Reklam.webp\"><\/div><\/div><\/a><div class=\"blogCard__content mt-24\"><div data-anim-child=\"slide-up delay-6\" class=\"blogCard__info text-dark leading-md text-sm\"><span class=\"fw-400 mr-4\"><a href=\"https:\/\/boomdigital.org\/az\/category\/marketinq\/\">Marketinq<\/a><\/span> -<p class=\"d-inline-block ml-4\">Aprel 24, 2022<\/p><\/div><div data-anim-child=\"slide-up delay-7\"><h4 class=\"blogCard__title text-2xl leading-lg fw-500 mt-12\"><a data-barba href=\"https:\/\/boomdigital.org\/az\/facebook-cpas-nedir\/\">Facebook CPAS (\u00dcmumi) Reklam Modeli N\u0259dir?<\/a><\/h4><\/div><div data-anim-child=\"slide-up delay-8\" class=\"mt-12\"><a data-barba href=\"https:\/\/boomdigital.org\/az\/facebook-cpas-nedir\/\" class=\"button -icon text-black\">Daha \u00e7ox oxuyun<i class=\"icon size-xs str-width-md\" data-feather=\"arrow-right\"><\/i><\/a><\/div><\/div><\/div><\/div><div class=\"col-lg-4 col-md-6\"><div data-anim-wrap class=\"blogCard -type-1 -hover\"><a class=\"blogCard__img\" data-barba href=\"https:\/\/boomdigital.org\/az\/ahrefs-nedir\/\"><div data-anim-child=\"img-right -cover-dark-1 delay-1\" class=\"portfolioCard__img__inner\"><div class=\"ratio ratio-4:3 bg-image js-lazy\" data-bg=\"https:\/\/boomdigital.org\/wp-content\/uploads\/2022\/04\/03LH2OIsXFyeMgE8i9ynOOn-13.webp\"><\/div><\/div><\/a><div class=\"blogCard__content mt-24\"><div data-anim-child=\"slide-up delay-6\" class=\"blogCard__info text-dark leading-md text-sm\"><span class=\"fw-400 mr-4\"><a href=\"https:\/\/boomdigital.org\/az\/category\/seo-az\/\">SEO<\/a><\/span> -<p class=\"d-inline-block ml-4\">Aprel 20, 2022<\/p><\/div><div data-anim-child=\"slide-up delay-7\"><h4 class=\"blogCard__title text-2xl leading-lg fw-500 mt-12\"><a data-barba href=\"https:\/\/boomdigital.org\/az\/ahrefs-nedir\/\">Ahrefs N\u0259dir? | Ahrefs \u0130stifad\u0259sinin T\u0259min Etdiyi \u00dcst\u00fcnl\u00fckl\u0259r N\u0259l\u0259rdir?<\/a><\/h4><\/div><div data-anim-child=\"slide-up delay-8\" class=\"mt-12\"><a data-barba href=\"https:\/\/boomdigital.org\/az\/ahrefs-nedir\/\" class=\"button -icon text-black\">Daha \u00e7ox oxuyun<i class=\"icon size-xs str-width-md\" data-feather=\"arrow-right\"><\/i><\/a><\/div><\/div><\/div><\/div><\/div>[\/vc_column][\/vc_row][vc_row row_type=&#8221;main-section&#8221; stukram_section_layout=&#8221;section_grid&#8221; stukram_content_position_opt=&#8221;justify-content-between&#8221; stukram_df_padding_top=&#8221;layout-pt-lg&#8221; stukram_df_padding_bottom=&#8221;layout-pb-lg&#8221;][vc_column width=&#8221;3\/12&#8243;][vc_row_inner inner_sec_effect_opt=&#8221;y-gap-32&#8243;][vc_column_inner][wr_vc_section_heading title=&#8221;Biz\u0259 yaz\u0131n&#8221; title2=&#8221;Biziml\u0259 \u0259laq\u0259&#8221; screen=&#8221;-md&#8221;][\/wr_vc_section_heading][\/vc_column_inner][\/vc_row_inner][wr_vc_section_contact scheme=&#8221;-dark&#8221; screen=&#8221;-lg&#8221; title=&#8221;Biziml\u0259 \u0259laq\u0259&#8221; title3=&#8221;hello@boomdigital.org&#8221; title5=&#8221;+994 55 938 54 89&#8243; df_pad=&#8221;df-pad&#8221;][\/vc_column][vc_column width=&#8221;8\/12&#8243;][wr_vc_section_cform contactfromid=&#8221;504&#8243;][\/vc_column][\/vc_row][vc_row row_type=&#8221;main-section&#8221; stukram_section_layout=&#8221;section_grid&#8221; stukram_content_position_opt=&#8221;justify-content-center text-center&#8221; stukram_df_padding_top=&#8221;layout-pt-lg&#8221; stukram_df_padding_bottom=&#8221;layout-pb-lg&#8221; stukram_background_img=&#8221;128&#8243; stukram_background_parallaxx=&#8221;st2&#8243; stukram_background_index=&#8221;Z-5&#8243; stukram_class_layout_z=&#8221;z-3&#8243; stukram_class_layout_zindex=&#8221;z-5&#8243;][vc_column][wr_vc_section_heading featyretype=&#8221;st3&#8243; title=&#8221;H\u0259r hans\u0131 bir sual\u0131n\u0131z var? Biziml\u0259 \u0259laq\u0259 saxlay\u0131n&#8221; title2=&#8221;Biziml\u0259 \u0259laq\u0259 saxlay\u0131n&#8221; title3=&#8221;H\u0259cmind\u0259n as\u0131l\u0131 olmayaraq b\u00fct\u00fcn i\u015fl\u0259rinizi biz\u0259 h\u0259val\u0259 edin!&#8221; link_url=&#8221;https:\/\/boomdigital.org\/contact\/&#8221; scheme=&#8221;-light&#8221; scheme2=&#8221;-white&#8221; button_style=&#8221;-white text-black&#8221;][\/wr_vc_section_heading][\/vc_column][\/vc_row]\n","protected":false},"excerpt":{"rendered":"<p>[vc_row row_type=&#8221;main-section&#8221; stukram_section_layout=&#8221;section_grid&#8221; stukram_df_padding_top=&#8221;layout-pt-xl&#8221; wr_section_layout=&#8221;section_grid&#8221; row_padding_top=&#8221;layout-pt-xl&#8221; row_padding_bottom=&#8221;no-padding-bottom&#8221;][vc_column width=&#8221;5\/12&#8243;][wr_vc_section_heading featyretype=&#8221;st3&#8243; title=&#8221;2022-ci ild\u0259 onlayn \u015f\u0259kild\u0259 yeni m\u00fc\u015ft\u0259ril\u0259r qazan\u0131n.&#8221; title2=&#8221;boomdigital&#8221; screen=&#8221;-lg&#8221;][\/wr_vc_section_heading][\/vc_column][vc_column width=&#8221;7\/12&#8243;][\/vc_column][\/vc_row][vc_row row_type=&#8221;main-section&#8221; stukram_section_layout=&#8221;section_grid&#8221; stukram_content_row_opt=&#8221;x-gap-60&#8230;<\/p>\n","protected":false},"author":1,"featured_media":0,"parent":0,"menu_order":0,"comment_status":"closed","ping_status":"closed","template":"","meta":{"footnotes":""},"class_list":["post-885","page","type-page","status-publish","hentry"],"yoast_head":"<!-- This site is optimized with the Yoast SEO Premium plugin v17.9 (Yoast SEO v17.9) - https:\/\/yoast.com\/wordpress\/plugins\/seo\/ -->\n<title>Seo xidmeti v\u0259 Saytlar\u0131n haz\u0131rlanmas\u0131 - BOOMDIGITAL<\/title>\n<meta name=\"description\" content=\"Veb studio, saytlar\u0131n haz\u0131rlanmas\u0131, saytlar\u0131n y\u0131\u011f\u0131lmas\u0131, sayt dizayn\u0131, saytlar\u0131n yarad\u0131lmas\u0131, dizayn xidm\u0259tl\u0259ri, seo, smm xidm\u0259ti.\" \/>\n<meta name=\"robots\" content=\"index, follow, max-snippet:-1, max-image-preview:large, max-video-preview:-1\" \/>\n<link rel=\"canonical\" href=\"https:\/\/boomdigital.org\/az\/\" \/>\n<meta property=\"og:locale\" content=\"az_AZ\" \/>\n<meta property=\"og:type\" content=\"article\" \/>\n<meta property=\"og:title\" content=\"Seo xidmeti v\u0259 Saytlar\u0131n haz\u0131rlanmas\u0131\" \/>\n<meta property=\"og:description\" content=\"Veb studio, saytlar\u0131n haz\u0131rlanmas\u0131, saytlar\u0131n y\u0131\u011f\u0131lmas\u0131, sayt dizayn\u0131, saytlar\u0131n yarad\u0131lmas\u0131, dizayn xidm\u0259tl\u0259ri, seo, smm xidm\u0259ti.\" \/>\n<meta property=\"og:url\" content=\"https:\/\/boomdigital.org\/az\/\" \/>\n<meta property=\"og:site_name\" content=\"BOOMDIGITAL\" \/>\n<meta property=\"article:modified_time\" content=\"2022-05-17T11:35:09+00:00\" \/>\n<meta name=\"twitter:card\" content=\"summary_large_image\" \/>\n<meta name=\"twitter:label1\" content=\"Est. reading time\" \/>\n\t<meta name=\"twitter:data1\" content=\"2 minutes\" \/>\n<script type=\"application\/ld+json\" class=\"yoast-schema-graph\">{\"@context\":\"https:\/\/schema.org\",\"@graph\":[{\"@type\":\"WebSite\",\"@id\":\"https:\/\/boomdigital.org\/#website\",\"url\":\"https:\/\/boomdigital.org\/\",\"name\":\"BOOMDIGITAL\",\"description\":\"Digital Solutions\",\"potentialAction\":[{\"@type\":\"SearchAction\",\"target\":{\"@type\":\"EntryPoint\",\"urlTemplate\":\"https:\/\/boomdigital.org\/?s={search_term_string}\"},\"query-input\":\"required name=search_term_string\"}],\"inLanguage\":\"az\"},{\"@type\":\"WebPage\",\"@id\":\"https:\/\/boomdigital.org\/az\/#webpage\",\"url\":\"https:\/\/boomdigital.org\/az\/\",\"name\":\"Seo xidmeti v\\u0259 Saytlar\\u0131n haz\\u0131rlanmas\\u0131 - BOOMDIGITAL\",\"isPartOf\":{\"@id\":\"https:\/\/boomdigital.org\/#website\"},\"datePublished\":\"2021-05-17T09:53:17+00:00\",\"dateModified\":\"2022-05-17T11:35:09+00:00\",\"description\":\"Veb studio, saytlar\\u0131n haz\\u0131rlanmas\\u0131, saytlar\\u0131n y\\u0131\\u011f\\u0131lmas\\u0131, sayt dizayn\\u0131, saytlar\\u0131n yarad\\u0131lmas\\u0131, dizayn xidm\\u0259tl\\u0259ri, seo, smm xidm\\u0259ti.\",\"breadcrumb\":{\"@id\":\"https:\/\/boomdigital.org\/az\/#breadcrumb\"},\"inLanguage\":\"az\",\"potentialAction\":[{\"@type\":\"ReadAction\",\"target\":[\"https:\/\/boomdigital.org\/az\/\"]}]},{\"@type\":\"BreadcrumbList\",\"@id\":\"https:\/\/boomdigital.org\/az\/#breadcrumb\",\"itemListElement\":[{\"@type\":\"ListItem\",\"position\":1,\"name\":\"Home\",\"item\":\"https:\/\/boomdigital.org\/az\/\"},{\"@type\":\"ListItem\",\"position\":2,\"name\":\"Seo xidmeti v\\u0259 Saytlar\\u0131n haz\\u0131rlanmas\\u0131\"}]}]}<\/script>\n<!-- \/ Yoast SEO Premium plugin. -->","yoast_head_json":{"title":"Seo xidmeti v\u0259 Saytlar\u0131n haz\u0131rlanmas\u0131 - BOOMDIGITAL","description":"Veb studio, saytlar\u0131n haz\u0131rlanmas\u0131, saytlar\u0131n y\u0131\u011f\u0131lmas\u0131, sayt dizayn\u0131, saytlar\u0131n yarad\u0131lmas\u0131, dizayn xidm\u0259tl\u0259ri, seo, smm xidm\u0259ti.","robots":{"index":"index","follow":"follow","max-snippet":"max-snippet:-1","max-image-preview":"max-image-preview:large","max-video-preview":"max-video-preview:-1"},"canonical":"https:\/\/boomdigital.org\/az\/","og_locale":"az_AZ","og_type":"article","og_title":"Seo xidmeti v\u0259 Saytlar\u0131n haz\u0131rlanmas\u0131","og_description":"Veb studio, saytlar\u0131n haz\u0131rlanmas\u0131, saytlar\u0131n y\u0131\u011f\u0131lmas\u0131, sayt dizayn\u0131, saytlar\u0131n yarad\u0131lmas\u0131, dizayn xidm\u0259tl\u0259ri, seo, smm xidm\u0259ti.","og_url":"https:\/\/boomdigital.org\/az\/","og_site_name":"BOOMDIGITAL","article_modified_time":"2022-05-17T11:35:09+00:00","twitter_card":"summary_large_image","twitter_misc":{"Est. reading time":"2 minutes"},"schema":{"@context":"https:\/\/schema.org","@graph":[{"@type":"WebSite","@id":"https:\/\/boomdigital.org\/#website","url":"https:\/\/boomdigital.org\/","name":"BOOMDIGITAL","description":"Digital Solutions","potentialAction":[{"@type":"SearchAction","target":{"@type":"EntryPoint","urlTemplate":"https:\/\/boomdigital.org\/?s={search_term_string}"},"query-input":"required name=search_term_string"}],"inLanguage":"az"},{"@type":"WebPage","@id":"https:\/\/boomdigital.org\/az\/#webpage","url":"https:\/\/boomdigital.org\/az\/","name":"Seo xidmeti v\u0259 Saytlar\u0131n haz\u0131rlanmas\u0131 - BOOMDIGITAL","isPartOf":{"@id":"https:\/\/boomdigital.org\/#website"},"datePublished":"2021-05-17T09:53:17+00:00","dateModified":"2022-05-17T11:35:09+00:00","description":"Veb studio, saytlar\u0131n haz\u0131rlanmas\u0131, saytlar\u0131n y\u0131\u011f\u0131lmas\u0131, sayt dizayn\u0131, saytlar\u0131n yarad\u0131lmas\u0131, dizayn xidm\u0259tl\u0259ri, seo, smm xidm\u0259ti.","breadcrumb":{"@id":"https:\/\/boomdigital.org\/az\/#breadcrumb"},"inLanguage":"az","potentialAction":[{"@type":"ReadAction","target":["https:\/\/boomdigital.org\/az\/"]}]},{"@type":"BreadcrumbList","@id":"https:\/\/boomdigital.org\/az\/#breadcrumb","itemListElement":[{"@type":"ListItem","position":1,"name":"Home","item":"https:\/\/boomdigital.org\/az\/"},{"@type":"ListItem","position":2,"name":"Seo xidmeti v\u0259 Saytlar\u0131n haz\u0131rlanmas\u0131"}]}]}},"_links":{"self":[{"href":"https:\/\/boomdigital.org\/az\/wp-json\/wp\/v2\/pages\/885","targetHints":{"allow":["GET"]}}],"collection":[{"href":"https:\/\/boomdigital.org\/az\/wp-json\/wp\/v2\/pages"}],"about":[{"href":"https:\/\/boomdigital.org\/az\/wp-json\/wp\/v2\/types\/page"}],"author":[{"embeddable":true,"href":"https:\/\/boomdigital.org\/az\/wp-json\/wp\/v2\/users\/1"}],"replies":[{"embeddable":true,"href":"https:\/\/boomdigital.org\/az\/wp-json\/wp\/v2\/comments?post=885"}],"version-history":[{"count":19,"href":"https:\/\/boomdigital.org\/az\/wp-json\/wp\/v2\/pages\/885\/revisions"}],"predecessor-version":[{"id":2266,"href":"https:\/\/boomdigital.org\/az\/wp-json\/wp\/v2\/pages\/885\/revisions\/2266"}],"wp:attachment":[{"href":"https:\/\/boomdigital.org\/az\/wp-json\/wp\/v2\/media?parent=885"}],"curies":[{"name":"wp","href":"https:\/\/api.w.org\/{rel}","templated":true}]}}